{"id":2340,"date":"2025-06-04T19:08:08","date_gmt":"2025-06-04T19:08:08","guid":{"rendered":"https:\/\/metazoa2.opmerkzaam.be\/brochure-download\/"},"modified":"2025-06-27T20:19:19","modified_gmt":"2025-06-27T20:19:19","slug":"telechargement-brochure","status":"publish","type":"page","link":"https:\/\/metazoa2.opmerkzaam.be\/fr\/telechargement-brochure\/","title":{"rendered":"T\u00c9L\u00c9CHARGER LA BROCHURE"},"content":{"rendered":"<div class=\"wpb-content-wrapper\"><p>[vc_row el_class=&#8221;global grid&#8221; css=&#8221;.vc_custom_1748806932195{background-color: #FFFFFF !important;background-position: center !important;background-repeat: no-repeat !important;background-size: cover !important;}&#8221;][vc_column el_class=&#8221;outer-col-1&#8243;][vc_empty_space height=&#8221;40px&#8221;][vc_column_text css=&#8221;&#8221; el_class=&#8221;yellow&#8221;]<\/p>\n<h2 style=\"text-align: center;\">T\u00c9L\u00c9CHARGER LA BROCHURE<\/h2>\n<p>[\/vc_column_text][vc_empty_space height=&#8221;40px&#8221;][vc_column_text css=&#8221;&#8221; el_class=&#8221;yellow&#8221;]<\/p>\n<p>Notre brochure vous donne un aper\u00e7u clair de notre assortiment, de la vision derri\u00e8re nos produits, de la fa\u00e7on dont vous pouvez int\u00e9grer Metazoa dans vos conseils aux clients ou de la mani\u00e8re dont vous pouvez nourrir au mieux votre cheval\u00a0!<\/p>\n<p>[\/vc_column_text][vc_empty_space height=&#8221;40px&#8221;][vc_empty_space height=&#8221;30px&#8221; el_class=&#8221;deskonly&#8221;][vc_row_inner el_class=&#8221;row-0 home&#8221;][vc_column_inner el_class=&#8221;col1&#8243; width=&#8221;1\/3&#8243;][vc_single_image image=&#8221;3424&#8243; img_size=&#8221;full&#8221; css=&#8221;&#8221; el_class=&#8221;imgleft&#8221;][vc_empty_space height=&#8221;35px&#8221; el_class=&#8221;mobonly&#8221;][\/vc_column_inner][vc_column_inner el_class=&#8221;col2&#8243; width=&#8221;2\/3&#8243; css=&#8221;.vc_custom_1746655863985{padding-left: 25px !important;}&#8221;]\n<div class=\"wpcf7 no-js\" id=\"wpcf7-f2244-o1\" lang=\"fr-FR\" dir=\"ltr\" data-wpcf7-id=\"2244\">\n<div class=\"screen-reader-response\"><p role=\"status\" aria-live=\"polite\" aria-atomic=\"true\"><\/p> <ul><\/ul><\/div>\n<form action=\"\/fr\/wp-json\/wp\/v2\/pages\/2340#wpcf7-f2244-o1\" method=\"post\" class=\"wpcf7-form init\" aria-label=\"Formulaire de contact\" novalidate=\"novalidate\" data-status=\"init\">\n<fieldset class=\"hidden-fields-container\"><input type=\"hidden\" name=\"_wpcf7\" value=\"2244\" \/><input type=\"hidden\" name=\"_wpcf7_version\" value=\"6.1.5\" \/><input type=\"hidden\" name=\"_wpcf7_locale\" value=\"fr_FR\" \/><input type=\"hidden\" name=\"_wpcf7_unit_tag\" value=\"wpcf7-f2244-o1\" \/><input type=\"hidden\" name=\"_wpcf7_container_post\" value=\"0\" \/><input type=\"hidden\" name=\"_wpcf7_posted_data_hash\" value=\"\" \/>\n<\/fieldset>\n<div id=\"responsive-form\" class=\"clearfix\">\n\t<div class=\"form-row\">\n\t\t<div class=\"column-full\">\n\t\t\t<p><span class=\"wpcf7-form-control-wrap\" data-name=\"naam\"><input size=\"40\" maxlength=\"400\" class=\"wpcf7-form-control wpcf7-text wpcf7-validates-as-required\" aria-required=\"true\" aria-invalid=\"false\" placeholder=\"Nom\" value=\"\" type=\"text\" name=\"naam\" \/><\/span>\n\t\t\t<\/p>\n\t\t<\/div>\n\t<\/div>\n\t<div class=\"form-row\">\n\t\t<div class=\"column-full\">\n\t\t\t<p><span class=\"wpcf7-form-control-wrap\" data-name=\"email\"><input size=\"40\" maxlength=\"400\" class=\"wpcf7-form-control wpcf7-email wpcf7-validates-as-required wpcf7-text wpcf7-validates-as-email\" aria-required=\"true\" aria-invalid=\"false\" placeholder=\"Adresse e-mail\" value=\"\" type=\"email\" name=\"email\" \/><\/span>\n\t\t\t<\/p>\n\t\t<\/div>\n\t<\/div>\n\t<div class=\"form-row\">\n\t\t<div class=\"column-full\">\n\t\t\t<p><span class=\"wpcf7-form-control-wrap\" data-name=\"beroep\"><input size=\"40\" maxlength=\"400\" class=\"wpcf7-form-control wpcf7-text wpcf7-validates-as-required\" aria-required=\"true\" aria-invalid=\"false\" placeholder=\"Profession\" value=\"\" type=\"text\" name=\"beroep\" \/><\/span>\n\t\t\t<\/p>\n\t\t<\/div>\n\t<\/div>\n\t<div class=\"form-row\">\n\t\t<div class=\"column-full\">\n\t\t\t<p><span class=\"wpcf7-form-control-wrap\" data-name=\"tel\"><input size=\"40\" maxlength=\"400\" class=\"wpcf7-form-control wpcf7-text wpcf7-validates-as-required\" aria-required=\"true\" aria-invalid=\"false\" placeholder=\"Num\u00e9ro de t\u00e9l\u00e9phone\" value=\"\" type=\"text\" name=\"tel\" \/><\/span>\n\t\t\t<\/p>\n\t\t<\/div>\n\t<\/div>\n\t<div class=\"form-row\">\n\t\t<div class=\"column-full\">\n\t\t\t<p><span class=\"wpcf7-form-control-wrap\" data-name=\"checkbox-551\"><span class=\"wpcf7-form-control wpcf7-checkbox\"><span class=\"wpcf7-list-item first last\"><label><input type=\"checkbox\" name=\"checkbox-551[]\" value=\"Je souhaite recevoir des \u00e9chantillons\" \/><span class=\"wpcf7-list-item-label\">Je souhaite recevoir des \u00e9chantillons<\/span><\/label><\/span><\/span><\/span>\n\t\t\t<\/p>\n\t\t<\/div>\n\t<\/div>\n\t<div class=\"form-row\">\n\t\t<div class=\"column-full\">\n\t\t\t<p><input class=\"wpcf7-form-control wpcf7-submit has-spinner\" id=\"submit-button\" type=\"submit\" value=\"T\u00c9L\u00c9CHARGER\" \/>\n\t\t\t<\/p>\n\t\t<\/div>\n\t<\/div>\n<\/div><input type='hidden' class='wpcf7-pum' value='{\"closepopup\":false,\"closedelay\":0,\"openpopup\":false,\"openpopup_id\":0}' \/><div class=\"wpcf7-response-output\" aria-hidden=\"true\"><\/div>\n<\/form>\n<\/div>\n[vc_empty_space height=&#8221;50px&#8221;][vc_empty_space height=&#8221;50px&#8221;][vc_empty_space height=&#8221;50px&#8221;][\/vc_column_inner][\/vc_row_inner][\/vc_column][\/vc_row]<\/p>\n<\/div>","protected":false},"excerpt":{"rendered":"<p>[vc_row el_class=&#8221;global grid&#8221; css=&#8221;.vc_custom_1748806932195{background-color: #FFFFFF !important;background-position: center !important;background-repeat: no-repeat !important;background-size: cover !important;}&#8221;][vc_column el_class=&#8221;outer-col-1&#8243;][vc_empty_space height=&#8221;40px&#8221;][vc_column_text css=&#8221;&#8221; el_class=&#8221;yellow&#8221;] T\u00c9L\u00c9CHARGER LA BROCHURE [\/vc_column_text][vc_empty_space height=&#8221;40px&#8221;][vc_column_text css=&#8221;&#8221; el_class=&#8221;yellow&#8221;] Notre brochure vous donne un aper\u00e7u clair de notre assortiment, de la vision derri\u00e8re nos produits, de la fa\u00e7on dont vous pouvez int\u00e9grer Metazoa dans vos conseils aux clients ou de la&hellip;&nbsp;<a href=\"https:\/\/metazoa2.opmerkzaam.be\/fr\/telechargement-brochure\/\" class=\"\" rel=\"bookmark\">Read More &raquo;<span class=\"screen-reader-text\">T\u00c9L\u00c9CHARGER LA BROCHURE<\/span><\/a><\/p>\n","protected":false},"author":1,"featured_media":0,"parent":0,"menu_order":0,"comment_status":"closed","ping_status":"closed","template":"","meta":{"_acf_changed":false,"inline_featured_image":false,"neve_meta_sidebar":"","neve_meta_container":"","neve_meta_enable_content_width":"on","neve_meta_content_width":100,"neve_meta_title_alignment":"","neve_meta_author_avatar":"","neve_post_elements_order":"","neve_meta_disable_header":"","neve_meta_disable_footer":"","neve_meta_disable_title":"on","neve_meta_reading_time":"","footnotes":""},"class_list":["post-2340","page","type-page","status-publish","hentry"],"acf":[],"yoast_head":"<!-- This site is optimized with the Yoast SEO plugin v27.4 - https:\/\/yoast.com\/product\/yoast-seo-wordpress\/ -->\n<title>T\u00c9L\u00c9CHARGER LA BROCHURE - Metazoa<\/title>\n<meta name=\"robots\" content=\"noindex, follow, max-snippet:-1, max-image-preview:large, max-video-preview:-1\" \/>\n<meta property=\"og:locale\" content=\"fr_FR\" \/>\n<meta property=\"og:type\" content=\"article\" \/>\n<meta property=\"og:title\" content=\"T\u00c9L\u00c9CHARGER LA BROCHURE - Metazoa\" \/>\n<meta property=\"og:description\" content=\"[vc_row el_class=&#8221;global grid&#8221; css=&#8221;.vc_custom_1748806932195{background-color: #FFFFFF !important;background-position: center !important;background-repeat: no-repeat !important;background-size: cover !important;}&#8221;][vc_column el_class=&#8221;outer-col-1&#8243;][vc_empty_space height=&#8221;40px&#8221;][vc_column_text css=&#8221;&#8221; el_class=&#8221;yellow&#8221;] T\u00c9L\u00c9CHARGER LA BROCHURE [\/vc_column_text][vc_empty_space height=&#8221;40px&#8221;][vc_column_text css=&#8221;&#8221; el_class=&#8221;yellow&#8221;] Notre brochure vous donne un aper\u00e7u clair de notre assortiment, de la vision derri\u00e8re nos produits, de la fa\u00e7on dont vous pouvez int\u00e9grer Metazoa dans vos conseils aux clients ou de la&hellip;&nbsp;Read More &raquo;T\u00c9L\u00c9CHARGER LA BROCHURE\" \/>\n<meta property=\"og:url\" content=\"https:\/\/metazoa2.opmerkzaam.be\/fr\/telechargement-brochure\/\" \/>\n<meta property=\"og:site_name\" content=\"Metazoa\" \/>\n<meta property=\"article:modified_time\" content=\"2025-06-27T20:19:19+00:00\" \/>\n<meta name=\"twitter:card\" content=\"summary_large_image\" \/>\n<meta name=\"twitter:label1\" content=\"Dur\u00e9e de lecture estim\u00e9e\" \/>\n\t<meta name=\"twitter:data1\" content=\"1 minute\" \/>\n<script type=\"application\/ld+json\" class=\"yoast-schema-graph\">{\"@context\":\"https:\\\/\\\/schema.org\",\"@graph\":[{\"@type\":\"WebPage\",\"@id\":\"https:\\\/\\\/metazoa2.opmerkzaam.be\\\/fr\\\/telechargement-brochure\\\/\",\"url\":\"https:\\\/\\\/metazoa2.opmerkzaam.be\\\/fr\\\/telechargement-brochure\\\/\",\"name\":\"T\u00c9L\u00c9CHARGER LA BROCHURE - Metazoa\",\"isPartOf\":{\"@id\":\"https:\\\/\\\/metazoa2.opmerkzaam.be\\\/fr\\\/#website\"},\"datePublished\":\"2025-06-04T19:08:08+00:00\",\"dateModified\":\"2025-06-27T20:19:19+00:00\",\"breadcrumb\":{\"@id\":\"https:\\\/\\\/metazoa2.opmerkzaam.be\\\/fr\\\/telechargement-brochure\\\/#breadcrumb\"},\"inLanguage\":\"fr-FR\",\"potentialAction\":[{\"@type\":\"ReadAction\",\"target\":[\"https:\\\/\\\/metazoa2.opmerkzaam.be\\\/fr\\\/telechargement-brochure\\\/\"]}]},{\"@type\":\"BreadcrumbList\",\"@id\":\"https:\\\/\\\/metazoa2.opmerkzaam.be\\\/fr\\\/telechargement-brochure\\\/#breadcrumb\",\"itemListElement\":[{\"@type\":\"ListItem\",\"position\":1,\"name\":\"Home\",\"item\":\"https:\\\/\\\/metazoa2.opmerkzaam.be\\\/fr\\\/\"},{\"@type\":\"ListItem\",\"position\":2,\"name\":\"T\u00c9L\u00c9CHARGER LA BROCHURE\"}]},{\"@type\":\"WebSite\",\"@id\":\"https:\\\/\\\/metazoa2.opmerkzaam.be\\\/fr\\\/#website\",\"url\":\"https:\\\/\\\/metazoa2.opmerkzaam.be\\\/fr\\\/\",\"name\":\"Metazoa\",\"description\":\"Voor een gezond en stralend paard\",\"publisher\":{\"@id\":\"https:\\\/\\\/metazoa2.opmerkzaam.be\\\/fr\\\/#organization\"},\"potentialAction\":[{\"@type\":\"SearchAction\",\"target\":{\"@type\":\"EntryPoint\",\"urlTemplate\":\"https:\\\/\\\/metazoa2.opmerkzaam.be\\\/fr\\\/?s={search_term_string}\"},\"query-input\":{\"@type\":\"PropertyValueSpecification\",\"valueRequired\":true,\"valueName\":\"search_term_string\"}}],\"inLanguage\":\"fr-FR\"},{\"@type\":\"Organization\",\"@id\":\"https:\\\/\\\/metazoa2.opmerkzaam.be\\\/fr\\\/#organization\",\"name\":\"Metazoa\",\"url\":\"https:\\\/\\\/metazoa2.opmerkzaam.be\\\/fr\\\/\",\"logo\":{\"@type\":\"ImageObject\",\"inLanguage\":\"fr-FR\",\"@id\":\"https:\\\/\\\/metazoa2.opmerkzaam.be\\\/fr\\\/#\\\/schema\\\/logo\\\/image\\\/\",\"url\":\"https:\\\/\\\/metazoa2.opmerkzaam.be\\\/wp-content\\\/uploads\\\/2021\\\/11\\\/bosh-and-bordon-logo.svg\",\"contentUrl\":\"https:\\\/\\\/metazoa2.opmerkzaam.be\\\/wp-content\\\/uploads\\\/2021\\\/11\\\/bosh-and-bordon-logo.svg\",\"caption\":\"Metazoa\"},\"image\":{\"@id\":\"https:\\\/\\\/metazoa2.opmerkzaam.be\\\/fr\\\/#\\\/schema\\\/logo\\\/image\\\/\"}}]}<\/script>\n<!-- \/ Yoast SEO plugin. -->","yoast_head_json":{"title":"T\u00c9L\u00c9CHARGER LA BROCHURE - Metazoa","robots":{"index":"noindex","follow":"follow","max-snippet":"max-snippet:-1","max-image-preview":"max-image-preview:large","max-video-preview":"max-video-preview:-1"},"og_locale":"fr_FR","og_type":"article","og_title":"T\u00c9L\u00c9CHARGER LA BROCHURE - Metazoa","og_description":"[vc_row el_class=&#8221;global grid&#8221; css=&#8221;.vc_custom_1748806932195{background-color: #FFFFFF !important;background-position: center !important;background-repeat: no-repeat !important;background-size: cover !important;}&#8221;][vc_column el_class=&#8221;outer-col-1&#8243;][vc_empty_space height=&#8221;40px&#8221;][vc_column_text css=&#8221;&#8221; el_class=&#8221;yellow&#8221;] T\u00c9L\u00c9CHARGER LA BROCHURE [\/vc_column_text][vc_empty_space height=&#8221;40px&#8221;][vc_column_text css=&#8221;&#8221; el_class=&#8221;yellow&#8221;] Notre brochure vous donne un aper\u00e7u clair de notre assortiment, de la vision derri\u00e8re nos produits, de la fa\u00e7on dont vous pouvez int\u00e9grer Metazoa dans vos conseils aux clients ou de la&hellip;&nbsp;Read More &raquo;T\u00c9L\u00c9CHARGER LA BROCHURE","og_url":"https:\/\/metazoa2.opmerkzaam.be\/fr\/telechargement-brochure\/","og_site_name":"Metazoa","article_modified_time":"2025-06-27T20:19:19+00:00","twitter_card":"summary_large_image","twitter_misc":{"Dur\u00e9e de lecture estim\u00e9e":"1 minute"},"schema":{"@context":"https:\/\/schema.org","@graph":[{"@type":"WebPage","@id":"https:\/\/metazoa2.opmerkzaam.be\/fr\/telechargement-brochure\/","url":"https:\/\/metazoa2.opmerkzaam.be\/fr\/telechargement-brochure\/","name":"T\u00c9L\u00c9CHARGER LA BROCHURE - Metazoa","isPartOf":{"@id":"https:\/\/metazoa2.opmerkzaam.be\/fr\/#website"},"datePublished":"2025-06-04T19:08:08+00:00","dateModified":"2025-06-27T20:19:19+00:00","breadcrumb":{"@id":"https:\/\/metazoa2.opmerkzaam.be\/fr\/telechargement-brochure\/#breadcrumb"},"inLanguage":"fr-FR","potentialAction":[{"@type":"ReadAction","target":["https:\/\/metazoa2.opmerkzaam.be\/fr\/telechargement-brochure\/"]}]},{"@type":"BreadcrumbList","@id":"https:\/\/metazoa2.opmerkzaam.be\/fr\/telechargement-brochure\/#breadcrumb","itemListElement":[{"@type":"ListItem","position":1,"name":"Home","item":"https:\/\/metazoa2.opmerkzaam.be\/fr\/"},{"@type":"ListItem","position":2,"name":"T\u00c9L\u00c9CHARGER LA BROCHURE"}]},{"@type":"WebSite","@id":"https:\/\/metazoa2.opmerkzaam.be\/fr\/#website","url":"https:\/\/metazoa2.opmerkzaam.be\/fr\/","name":"Metazoa","description":"Voor een gezond en stralend paard","publisher":{"@id":"https:\/\/metazoa2.opmerkzaam.be\/fr\/#organization"},"potentialAction":[{"@type":"SearchAction","target":{"@type":"EntryPoint","urlTemplate":"https:\/\/metazoa2.opmerkzaam.be\/fr\/?s={search_term_string}"},"query-input":{"@type":"PropertyValueSpecification","valueRequired":true,"valueName":"search_term_string"}}],"inLanguage":"fr-FR"},{"@type":"Organization","@id":"https:\/\/metazoa2.opmerkzaam.be\/fr\/#organization","name":"Metazoa","url":"https:\/\/metazoa2.opmerkzaam.be\/fr\/","logo":{"@type":"ImageObject","inLanguage":"fr-FR","@id":"https:\/\/metazoa2.opmerkzaam.be\/fr\/#\/schema\/logo\/image\/","url":"https:\/\/metazoa2.opmerkzaam.be\/wp-content\/uploads\/2021\/11\/bosh-and-bordon-logo.svg","contentUrl":"https:\/\/metazoa2.opmerkzaam.be\/wp-content\/uploads\/2021\/11\/bosh-and-bordon-logo.svg","caption":"Metazoa"},"image":{"@id":"https:\/\/metazoa2.opmerkzaam.be\/fr\/#\/schema\/logo\/image\/"}}]}},"rttpg_featured_image_url":null,"rttpg_author":{"display_name":"Plumbus","author_link":"https:\/\/metazoa2.opmerkzaam.be\/fr\/author\/plumbus\/"},"rttpg_comment":0,"rttpg_category":false,"rttpg_excerpt":"[vc_row el_class=&#8221;global grid&#8221; css=&#8221;.vc_custom_1748806932195{background-color: #FFFFFF !important;background-position: center !important;background-repeat: no-repeat !important;background-size: cover !important;}&#8221;][vc_column el_class=&#8221;outer-col-1&#8243;][vc_empty_space height=&#8221;40px&#8221;][vc_column_text css=&#8221;&#8221; el_class=&#8221;yellow&#8221;] T\u00c9L\u00c9CHARGER LA BROCHURE [\/vc_column_text][vc_empty_space height=&#8221;40px&#8221;][vc_column_text css=&#8221;&#8221; el_class=&#8221;yellow&#8221;] Notre brochure vous donne un aper\u00e7u clair de notre assortiment, de la vision derri\u00e8re nos produits, de la fa\u00e7on dont vous pouvez int\u00e9grer Metazoa dans vos conseils aux clients ou de la&hellip;&nbsp;Read\u2026","_links":{"self":[{"href":"https:\/\/metazoa2.opmerkzaam.be\/fr\/wp-json\/wp\/v2\/pages\/2340","targetHints":{"allow":["GET"]}}],"collection":[{"href":"https:\/\/metazoa2.opmerkzaam.be\/fr\/wp-json\/wp\/v2\/pages"}],"about":[{"href":"https:\/\/metazoa2.opmerkzaam.be\/fr\/wp-json\/wp\/v2\/types\/page"}],"author":[{"embeddable":true,"href":"https:\/\/metazoa2.opmerkzaam.be\/fr\/wp-json\/wp\/v2\/users\/1"}],"replies":[{"embeddable":true,"href":"https:\/\/metazoa2.opmerkzaam.be\/fr\/wp-json\/wp\/v2\/comments?post=2340"}],"version-history":[{"count":6,"href":"https:\/\/metazoa2.opmerkzaam.be\/fr\/wp-json\/wp\/v2\/pages\/2340\/revisions"}],"predecessor-version":[{"id":3452,"href":"https:\/\/metazoa2.opmerkzaam.be\/fr\/wp-json\/wp\/v2\/pages\/2340\/revisions\/3452"}],"wp:attachment":[{"href":"https:\/\/metazoa2.opmerkzaam.be\/fr\/wp-json\/wp\/v2\/media?parent=2340"}],"curies":[{"name":"wp","href":"https:\/\/api.w.org\/{rel}","templated":true}]}}