{"id":2281,"date":"2022-11-02T15:04:55","date_gmt":"2022-11-02T15:04:55","guid":{"rendered":"https:\/\/metazoa2.opmerkzaam.be\/privacy-policy\/"},"modified":"2025-06-29T15:17:27","modified_gmt":"2025-06-29T15:17:27","slug":"privacy-policy","status":"publish","type":"page","link":"https:\/\/metazoa2.opmerkzaam.be\/fr\/privacy-policy\/","title":{"rendered":"Privacy policy"},"content":{"rendered":"<div class=\"wpb-content-wrapper\"><p>[vc_row el_class=&#8221;global row-99 privacy grid&#8221;][vc_column][vc_empty_space height=&#8221;70px&#8221;][vc_column_text]<\/p>\n<h1>Politique de confidentialit\u00e9<\/h1>\n<p>[\/vc_column_text][vc_empty_space height=&#8221;70px&#8221;][vc_column_text]<\/p>\n<h2>1. Qui sommes-nous ?<\/h2>\n<p>[\/vc_column_text][vc_empty_space][vc_column_text]&#8221; Nous &#8220;, &#8221; notre &#8221; ou &#8221; nos &#8221; d\u00e9signe Metazoa, dont le si\u00e8ge social est situ\u00e9 \u00e0 Spilbergen 8 4032 NW Ommeren Nederland et dont le num\u00e9ro d&#8217;entreprise est KvK Tiel: 11031354. Nous agissons en tant que responsable du traitement des donn\u00e9es personnelles que nous collectons par le biais de votre utilisation de notre site web (https:\/\/metazoa2.opmerkzaam.be).<\/p>\n<p>&nbsp;<\/p>\n<p>Le seul objectif de cette politique de confidentialit\u00e9 est de vous informer sur le traitement des donn\u00e9es personnelles par le biais de votre utilisation du site web. Pour notre politique de confidentialit\u00e9 en relation avec nos services, veuillez vous r\u00e9f\u00e9rer \u00e0 l&#8217;accord qui peut \u00eatre conclu entre nous.<\/p>\n<p>&nbsp;<\/p>\n<p>Votre vie priv\u00e9e est importante pour nous, c&#8217;est pourquoi nous avons pr\u00e9par\u00e9 cette politique de confidentialit\u00e9 qui explique comment nous collectons, divulguons, transf\u00e9rons et utilisons (&#8220;traiter&#8221;) les donn\u00e9es personnelles que vous partagez avec nous, et quels sont vos droits.<br \/>\nVeuillez prendre un moment pour lire cette politique.<\/p>\n<p>&nbsp;<\/p>\n<p>Si vous avez des questions, des pr\u00e9occupations ou des plaintes concernant la pr\u00e9sente politique de confidentialit\u00e9 ou notre traitement de vos donn\u00e9es personnelles, ou si vous souhaitez faire une demande pour exercer vos droits tels que d\u00e9finis \u00e0 l&#8217;article 4, veuillez nous contacter :<\/p>\n<p>&nbsp;<\/p>\n<p>(a) Par courrier \u00e9lectronique : info@Metazoa.nl, \u00e0 l&#8217;attention de notre d\u00e9l\u00e9gu\u00e9 \u00e0 la protection des donn\u00e9es ;<br \/>\n(b) Par courrier : Spilbergen 8 4032 NW Ommeren Nederland.<\/p>\n<p>&nbsp;<\/p>\n<p>La pr\u00e9sente politique de confidentialit\u00e9 a \u00e9t\u00e9 r\u00e9vis\u00e9e pour la derni\u00e8re fois le 16 Janvier 2023.[\/vc_column_text][vc_empty_space height=&#8221;70px&#8221;][vc_column_text]<\/p>\n<h2>2. Comment nous utilisons et collectons vos donn\u00e9es personnelles<\/h2>\n<p>[\/vc_column_text][vc_empty_space][vc_column_text]Les donn\u00e9es personnelles sont d\u00e9finies comme toute information relative \u00e0 une personne physique identifi\u00e9e ou identifiable.<br \/>\nPar identifiable, on entend des \u00e9l\u00e9ments d&#8217;identification (tels que le nom, le num\u00e9ro d&#8217;identification, les donn\u00e9es de localisation, etc.), qui peuvent \u00eatre utilis\u00e9s pour identifier directement ou indirectement une personne physique.<\/p>\n<p>Les donn\u00e9es personnelles que nous recueillons sont collect\u00e9es et utilis\u00e9es aux fins \u00e9num\u00e9r\u00e9es ci-dessous :<\/p>\n<p>(a) Si vous utilisez le formulaire de contact sur notre site web, nous utiliserons vos donn\u00e9es personnelles pour r\u00e9pondre \u00e0 votre demande par courrier \u00e9lectronique ou par t\u00e9l\u00e9phone.<br \/>\n(b) Si vous vous abonnez \u00e0 notre bulletin d&#8217;information, votre adresse \u00e9lectronique sera utilis\u00e9e pour vous envoyer nos bulletins d&#8217;information, qui peuvent inclure des invitations \u00e0 des \u00e9v\u00e9nements, s\u00e9minaires, etc. organis\u00e9s par nous.<br \/>\n(c) Si vous t\u00e9l\u00e9chargez notre contenu, nous enregistrons votre adresse \u00e9lectronique et vous informons du contenu concern\u00e9.<br \/>\n(d) Nous traitons vos donn\u00e9es personnelles pour soutenir le site web et am\u00e9liorer votre exp\u00e9rience utilisateur, notamment en assurant la s\u00e9curit\u00e9, la disponibilit\u00e9, la performance, la capacit\u00e9 et la sant\u00e9 du site web.<br \/>\n(e) Nous traitons vos donn\u00e9es personnelles pour l&#8217;application ou l&#8217;exercice des droits dont nous disposons en vertu de la loi applicable, comme l&#8217;utilisation pour \u00e9tablir, exercer ou d\u00e9fendre des revendications l\u00e9gales.<br \/>\n(f) Nous pouvons \u00e9galement utiliser vos donn\u00e9es personnelles pour nous conformer \u00e0 nos obligations telles que d\u00e9finies par la loi applicable.<br \/>\nOn peut distinguer les cat\u00e9gories suivantes de donn\u00e9es \u00e0 caract\u00e8re personnel :<\/p>\n<p>&nbsp;<\/p>\n<p>(f) Coordonn\u00e9es : si vous utilisez le formulaire de contact, il vous sera demand\u00e9 de fournir les informations suivantes : nom, adresse, adresse \u00e9lectronique, num\u00e9ro de t\u00e9l\u00e9phone, ainsi que toute donn\u00e9e personnelle que vous pr\u00e9f\u00e9rez dans le champ vide pr\u00e9vu \u00e0 cet effet (veuillez ne pas nous fournir d&#8217;informations sensibles, telles que des informations sur la sant\u00e9, des informations relatives \u00e0 des condamnations p\u00e9nales ou des num\u00e9ros de carte de cr\u00e9dit\/de compte). Il s&#8217;agit d&#8217;informations fournies directement par vous.<br \/>\n(g) Bulletin d&#8217;information : Si vous vous abonnez \u00e0 notre bulletin d&#8217;information, il vous sera demand\u00e9 de fournir votre adresse \u00e9lectronique. Il s&#8217;agit d&#8217;informations fournies directement par vous.<br \/>\n(h) Donn\u00e9es d&#8217;utilisation : Nous collectons des donn\u00e9es personnelles relatives \u00e0 vos activit\u00e9s sur notre site web : l&#8217;adresse IP, l&#8217;identifiant et le type d&#8217;appareil, la source de r\u00e9f\u00e9rence, les param\u00e8tres linguistiques, le type de navigateur, le syst\u00e8me d&#8217;exploitation, la localisation g\u00e9ographique, la dur\u00e9e de la visite, les pages consult\u00e9es ou des informations sur le moment, la fr\u00e9quence et le mod\u00e8le d&#8217;utilisation de votre service. Ces informations peuvent \u00eatre regroup\u00e9es et utilis\u00e9es pour nous aider \u00e0 fournir des informations plus utiles sur l&#8217;utilisation de notre site web. Lorsque les donn\u00e9es d&#8217;utilisation sont compl\u00e8tement anonymis\u00e9es (et ne peuvent donc pas remonter jusqu&#8217;\u00e0 vous en tant qu&#8217;individu), elles ne sont pas consid\u00e9r\u00e9es comme des donn\u00e9es personnelles au sens de la pr\u00e9sente politique de confidentialit\u00e9. Il s&#8217;agit de donn\u00e9es \u00e0 caract\u00e8re personnel recueillies automatiquement lors de votre utilisation du site web.[\/vc_column_text][vc_empty_space height=&#8221;70px&#8221;][vc_column_text]<\/p>\n<h2>3. Conservation de vos donn\u00e9es et suppression<\/h2>\n<p>[\/vc_column_text][vc_empty_space][vc_column_text]Vos donn\u00e9es personnelles seront conserv\u00e9es pendant 3 mois.<\/p>\n<p>&nbsp;<\/p>\n<p>Si vous retirez votre consentement ou si vous vous opposez \u00e0 l&#8217;utilisation de vos donn\u00e9es \u00e0 caract\u00e8re personnel et que cette objection est couronn\u00e9e de succ\u00e8s, nous supprimerons vos donn\u00e9es \u00e0 caract\u00e8re personnel de nos bases de donn\u00e9es. Notez que nous conserverons les donn\u00e9es personnelles aussi longtemps que n\u00e9cessaire pour garantir le respect de vos pr\u00e9f\u00e9rences \u00e0 l&#8217;avenir.<\/p>\n<p>&nbsp;<\/p>\n<p>Toutefois, ce qui pr\u00e9c\u00e8de ne nous emp\u00eache pas de conserver les donn\u00e9es \u00e0 caract\u00e8re personnel si cela est n\u00e9cessaire pour nous conformer \u00e0 nos obligations l\u00e9gales, pour intenter une action en justice ou nous d\u00e9fendre contre celle-ci, ou \u00e0 des fins de preuve.[\/vc_column_text][vc_empty_space height=&#8221;70px&#8221;][vc_column_text]<\/p>\n<h2>4. Vos droits<\/h2>\n<p>[\/vc_column_text][vc_empty_space][vc_column_text]Cet article \u00e9num\u00e8re vos droits les plus importants en vertu de la l\u00e9gislation sur la protection des donn\u00e9es. Nous avons essay\u00e9 de les r\u00e9sumer pour vous de mani\u00e8re claire et lisible. Pour exercer l&#8217;un de vos droits, veuillez nous envoyer une demande \u00e9crite conform\u00e9ment \u00e0 l&#8217;article 1 de la pr\u00e9sente politique de confidentialit\u00e9. Nous r\u00e9pondrons \u00e0 votre demande sans retard excessif, mais en tout \u00e9tat de cause dans un d\u00e9lai d&#8217;un mois \u00e0 compter de la r\u00e9ception de la demande. En cas de prolongation du d\u00e9lai de r\u00e9ponse ou si nous ne donnons pas suite \u00e0 votre demande, nous vous en informerons.<\/p>\n<p>&nbsp;<\/p>\n<p>Droit d&#8217;acc\u00e8s<\/p>\n<p>&nbsp;<\/p>\n<p>Vous avez le droit de confirmer si nous traitons ou non vos donn\u00e9es personnelles et, si nous le faisons, vous avez le droit d&#8217;acc\u00e9der \u00e0 ces donn\u00e9es personnelles, ainsi qu&#8217;\u00e0 certaines informations suppl\u00e9mentaires que vous trouverez \u00e9galement dans la pr\u00e9sente politique de confidentialit\u00e9.<\/p>\n<p>&nbsp;<\/p>\n<p>Vous avez le droit de recevoir de notre part une copie de vos donn\u00e9es personnelles que nous d\u00e9tenons, \u00e0 condition que cela ne porte pas atteinte aux droits et libert\u00e9s d&#8217;autrui. La premi\u00e8re copie sera fournie gratuitement, mais nous nous r\u00e9servons le droit de facturer des frais raisonnables si vous demandez plus de copies.<\/p>\n<p>&nbsp;<\/p>\n<p>Le droit de rectification<\/p>\n<p>&nbsp;<\/p>\n<p>Si les donn\u00e9es personnelles que nous d\u00e9tenons \u00e0 votre sujet sont inexactes ou incompl\u00e8tes, vous avez le droit de les faire rectifier ou, compte tenu des finalit\u00e9s du traitement, de les faire compl\u00e9ter.<\/p>\n<p>&nbsp;<\/p>\n<p>Le droit \u00e0 l&#8217;effacement (droit \u00e0 l&#8217;oubli)<\/p>\n<p>&nbsp;<\/p>\n<p>Dans certaines circonstances, vous avez le droit de faire effacer vos donn\u00e9es personnelles sans retard excessif. Ces circonstances comprennent :<\/p>\n<p>&nbsp;<\/p>\n<p>(a) Les donn\u00e9es \u00e0 caract\u00e8re personnel ne sont plus n\u00e9cessaires au regard des finalit\u00e9s pour lesquelles elles ont \u00e9t\u00e9 collect\u00e9es ou autrement trait\u00e9es ;<br \/>\n(b) Vous retirez votre consentement et il n&#8217;existe aucune autre base juridique ;<br \/>\n(c) Le traitement est effectu\u00e9 \u00e0 des fins de marketing direct ;<br \/>\n(d) les donn\u00e9es \u00e0 caract\u00e8re personnel ont fait l&#8217;objet d&#8217;un traitement illicite ; ou<br \/>\n(e) L&#8217;effacement est n\u00e9cessaire pour se conformer \u00e0 la l\u00e9gislation europ\u00e9enne ou belge.<br \/>\nIl existe certaines exceptions au droit d&#8217;effacement des donn\u00e9es. Ces exceptions comprennent les cas o\u00f9 le traitement est n\u00e9cessaire<\/p>\n<p>(a) pour l&#8217;exercice du droit \u00e0 la libert\u00e9 d&#8217;expression et d&#8217;information ;<br \/>\n(b) pour le respect d&#8217;une obligation l\u00e9gale ; ou<br \/>\n(c) pour l&#8217;\u00e9tablissement, l&#8217;exercice ou la d\u00e9fense de revendications l\u00e9gales.<br \/>\nDroit de restreindre le traitement ;<\/p>\n<p>&nbsp;<\/p>\n<p>Vous avez le droit de restreindre le traitement de vos donn\u00e9es personnelles (ce qui signifie que les donn\u00e9es personnelles peuvent \u00eatre stock\u00e9es par nous et utilis\u00e9es uniquement \u00e0 des fins limit\u00e9es), si :<\/p>\n<p>&nbsp;<\/p>\n<p>(a) Vous contestez l&#8217;exactitude des donn\u00e9es \u00e0 caract\u00e8re personnel (et uniquement pendant la dur\u00e9e n\u00e9cessaire \u00e0 la v\u00e9rification de cette exactitude) ;<br \/>\n(b) le traitement est ill\u00e9gal et vous demandez sa limitation (par opposition \u00e0 l&#8217;exercice du droit \u00e0 l&#8217;effacement) ;<br \/>\n(c) Nous n&#8217;avons plus besoin des donn\u00e9es \u00e0 caract\u00e8re personnel aux fins de notre traitement, mais vous pressez[\/vc_column_text][vc_empty_space height=&#8221;70px&#8221;][vc_column_text]<\/p>\n<h2>5. Fournir vos donn\u00e9es personnelles \u00e0 d&#8217;autres personnes<\/h2>\n<p>[\/vc_column_text][vc_empty_space][vc_column_text]Pour vous fournir notre site web, nous travaillons avec des prestataires de services pour traiter et stocker vos donn\u00e9es personnelles. Nous faisons appel aux cat\u00e9gories suivantes de prestataires de services :<\/p>\n<p>&nbsp;<\/p>\n<p>(a) Plate-forme d&#8217;h\u00e9bergement en nuage<br \/>\nEn tant que tel, nous ne fournissons pas vos donn\u00e9es personnelles \u00e0 nos partenaires des m\u00e9dias sociaux. Toutefois, nous utilisons des plugins de m\u00e9dias sociaux pour vous diriger vers nos canaux de m\u00e9dias sociaux et vous permettre d&#8217;interagir avec notre contenu. Ces canaux de m\u00e9dias sociaux sont Facebook, Instagram, LinkedIn, Twitter, Google et Vimeo. Dans le cas o\u00f9 vous cliquez sur un tel lien, ce fournisseur de services de m\u00e9dias sociaux peut collecter des donn\u00e9es personnelles vous concernant et relier ces informations \u00e0 votre profil existant sur ces m\u00e9dias sociaux.<\/p>\n<p>&nbsp;<\/p>\n<p>Nous ne sommes pas responsables de l&#8217;utilisation de vos donn\u00e9es personnelles par ce fournisseur de services de m\u00e9dias sociaux. Dans ce cas, le fournisseur de services de m\u00e9dias sociaux agit en tant que responsable du traitement des donn\u00e9es. \u00c0 titre d&#8217;information uniquement, nous avons inclus les liens pertinents (ceux-ci peuvent \u00eatre modifi\u00e9s de temps \u00e0 autre par le fournisseur de services concern\u00e9) :<\/p>\n<p>&nbsp;<\/p>\n<p>(a) Twitter : <a href=\"https:\/\/help.twitter.com\/en\/rules-and-policies\/twitter-cookies\">https:\/\/help.twitter.com\/en\/rules-and-policies\/twitter-cookies<\/a> ;<br \/>\n(b) Facebook : <a href=\"https:\/\/www.facebook.com\/policies\/cookies\">https:\/\/www.facebook.com\/policies\/cookies<\/a>\u00a0;<br \/>\n(c) LinkedIn : <a href=\"https:\/\/www.linkedin.com\/legal\/cookie-policy\">https:\/\/www.linkedin.com\/legal\/cookie-policy<\/a> ;<br \/>\n(d) Instagram : <a href=\"https:\/\/help.instagram.com\/155833707900388\">https:\/\/help.instagram.com\/155833707900388<\/a> ;<br \/>\n(e) Google+ : <a href=\"http:\/\/www.google.com\/policies\/technologies\/cookies\">http:\/\/www.google.com\/policies\/technologies\/cookies<\/a> ;<br \/>\n(f) YouTube : <a href=\"https:\/\/policies.google.com\/technologies\/cookies?hl=en\">https:\/\/policies.google.com\/technologies\/cookies?hl=en<\/a>.[\/vc_column_text][vc_empty_space height=&#8221;70px&#8221;][vc_column_text]<\/p>\n<h2>6. Transferts internationaux<\/h2>\n<p>[\/vc_column_text][vc_empty_space][vc_column_text]Nous ne transf\u00e9rons pas vos donn\u00e9es personnelles en dehors de l&#8217;Espace \u00e9conomique europ\u00e9en.[\/vc_column_text][vc_empty_space height=&#8221;70px&#8221;][vc_column_text]<\/p>\n<h2>7. Cookies<\/h2>\n<p>[\/vc_column_text][vc_empty_space][vc_column_text]Notre site web utilise des cookies. Pour plus d&#8217;informations sur notre utilisation des cookies, veuillez vous reporter \u00e0 notre <a href=\"https:\/\/metazoa2.opmerkzaam.be\/politique-en-matiere-de-cookies\">politique en mati\u00e8re de cookies<\/a>.[\/vc_column_text][vc_empty_space height=&#8221;70px&#8221;][vc_column_text]<\/p>\n<h2>8. Modifications de la politique de confidentialit\u00e9<\/h2>\n<p>[\/vc_column_text][vc_empty_space][vc_column_text]Nous avons le droit de modifier cette politique de confidentialit\u00e9 de temps \u00e0 autre. Vous pouvez toujours consulter la version la plus r\u00e9cente de la politique de confidentialit\u00e9 sur le site web.[\/vc_column_text][vc_empty_space height=&#8221;70px&#8221;][vc_empty_space height=&#8221;70px&#8221; el_class=&#8221;deskonly&#8221;][\/vc_column][\/vc_row]<\/p>\n<\/div>","protected":false},"excerpt":{"rendered":"<p>[vc_row el_class=&#8221;global row-99 privacy grid&#8221;][vc_column][vc_empty_space height=&#8221;70px&#8221;][vc_column_text] Politique de confidentialit\u00e9 [\/vc_column_text][vc_empty_space height=&#8221;70px&#8221;][vc_column_text] 1. Qui sommes-nous ? [\/vc_column_text][vc_empty_space][vc_column_text]&#8221; Nous &#8220;, &#8221; notre &#8221; ou &#8221; nos &#8221; d\u00e9signe , dont le si\u00e8ge social est situ\u00e9 \u00e0 et dont le num\u00e9ro d&#8217;entreprise est . Nous agissons en tant que responsable du traitement des donn\u00e9es personnelles que nous collectons&hellip;&nbsp;<a href=\"https:\/\/metazoa2.opmerkzaam.be\/fr\/privacy-policy\/\" class=\"\" rel=\"bookmark\">Read More &raquo;<span class=\"screen-reader-text\">Privacy policy<\/span><\/a><\/p>\n","protected":false},"author":1,"featured_media":0,"parent":0,"menu_order":0,"comment_status":"closed","ping_status":"closed","template":"","meta":{"_acf_changed":false,"inline_featured_image":false,"neve_meta_sidebar":"","neve_meta_container":"","neve_meta_enable_content_width":"off","neve_meta_content_width":100,"neve_meta_title_alignment":"","neve_meta_author_avatar":"","neve_post_elements_order":"","neve_meta_disable_header":"","neve_meta_disable_footer":"","neve_meta_disable_title":"on","neve_meta_reading_time":"","footnotes":""},"class_list":["post-2281","page","type-page","status-publish","hentry"],"acf":[],"yoast_head":"<!-- This site is optimized with the Yoast SEO plugin v27.3 - https:\/\/yoast.com\/product\/yoast-seo-wordpress\/ -->\n<title>Privacy policy - Metazoa<\/title>\n<meta name=\"robots\" content=\"noindex, follow, max-snippet:-1, max-image-preview:large, max-video-preview:-1\" \/>\n<meta property=\"og:locale\" content=\"fr_FR\" \/>\n<meta property=\"og:type\" content=\"article\" \/>\n<meta property=\"og:title\" content=\"Privacy policy - Metazoa\" \/>\n<meta property=\"og:description\" content=\"[vc_row el_class=&#8221;global row-99 privacy grid&#8221;][vc_column][vc_empty_space height=&#8221;70px&#8221;][vc_column_text] Politique de confidentialit\u00e9 [\/vc_column_text][vc_empty_space height=&#8221;70px&#8221;][vc_column_text] 1. Qui sommes-nous ? [\/vc_column_text][vc_empty_space][vc_column_text]&#8221; Nous &#8220;, &#8221; notre &#8221; ou &#8221; nos &#8221; d\u00e9signe , dont le si\u00e8ge social est situ\u00e9 \u00e0 et dont le num\u00e9ro d&#8217;entreprise est . Nous agissons en tant que responsable du traitement des donn\u00e9es personnelles que nous collectons&hellip;&nbsp;Read More &raquo;Privacy policy\" \/>\n<meta property=\"og:url\" content=\"https:\/\/metazoa2.opmerkzaam.be\/fr\/privacy-policy\/\" \/>\n<meta property=\"og:site_name\" content=\"Metazoa\" \/>\n<meta property=\"article:modified_time\" content=\"2025-06-29T15:17:27+00:00\" \/>\n<meta name=\"twitter:card\" content=\"summary_large_image\" \/>\n<meta name=\"twitter:label1\" content=\"Dur\u00e9e de lecture estim\u00e9e\" \/>\n\t<meta name=\"twitter:data1\" content=\"27 minutes\" \/>\n<script type=\"application\/ld+json\" class=\"yoast-schema-graph\">{\"@context\":\"https:\\\/\\\/schema.org\",\"@graph\":[{\"@type\":\"WebPage\",\"@id\":\"https:\\\/\\\/metazoa2.opmerkzaam.be\\\/fr\\\/privacy-policy\\\/\",\"url\":\"https:\\\/\\\/metazoa2.opmerkzaam.be\\\/fr\\\/privacy-policy\\\/\",\"name\":\"Privacy policy - Metazoa\",\"isPartOf\":{\"@id\":\"https:\\\/\\\/metazoa2.opmerkzaam.be\\\/fr\\\/#website\"},\"datePublished\":\"2022-11-02T15:04:55+00:00\",\"dateModified\":\"2025-06-29T15:17:27+00:00\",\"breadcrumb\":{\"@id\":\"https:\\\/\\\/metazoa2.opmerkzaam.be\\\/fr\\\/privacy-policy\\\/#breadcrumb\"},\"inLanguage\":\"fr-FR\",\"potentialAction\":[{\"@type\":\"ReadAction\",\"target\":[\"https:\\\/\\\/metazoa2.opmerkzaam.be\\\/fr\\\/privacy-policy\\\/\"]}]},{\"@type\":\"BreadcrumbList\",\"@id\":\"https:\\\/\\\/metazoa2.opmerkzaam.be\\\/fr\\\/privacy-policy\\\/#breadcrumb\",\"itemListElement\":[{\"@type\":\"ListItem\",\"position\":1,\"name\":\"Home\",\"item\":\"https:\\\/\\\/metazoa2.opmerkzaam.be\\\/fr\\\/\"},{\"@type\":\"ListItem\",\"position\":2,\"name\":\"Privacy policy\"}]},{\"@type\":\"WebSite\",\"@id\":\"https:\\\/\\\/metazoa2.opmerkzaam.be\\\/fr\\\/#website\",\"url\":\"https:\\\/\\\/metazoa2.opmerkzaam.be\\\/fr\\\/\",\"name\":\"Metazoa\",\"description\":\"Voor een gezond en stralend paard\",\"publisher\":{\"@id\":\"https:\\\/\\\/metazoa2.opmerkzaam.be\\\/fr\\\/#organization\"},\"potentialAction\":[{\"@type\":\"SearchAction\",\"target\":{\"@type\":\"EntryPoint\",\"urlTemplate\":\"https:\\\/\\\/metazoa2.opmerkzaam.be\\\/fr\\\/?s={search_term_string}\"},\"query-input\":{\"@type\":\"PropertyValueSpecification\",\"valueRequired\":true,\"valueName\":\"search_term_string\"}}],\"inLanguage\":\"fr-FR\"},{\"@type\":\"Organization\",\"@id\":\"https:\\\/\\\/metazoa2.opmerkzaam.be\\\/fr\\\/#organization\",\"name\":\"Metazoa\",\"url\":\"https:\\\/\\\/metazoa2.opmerkzaam.be\\\/fr\\\/\",\"logo\":{\"@type\":\"ImageObject\",\"inLanguage\":\"fr-FR\",\"@id\":\"https:\\\/\\\/metazoa2.opmerkzaam.be\\\/fr\\\/#\\\/schema\\\/logo\\\/image\\\/\",\"url\":\"https:\\\/\\\/metazoa2.opmerkzaam.be\\\/wp-content\\\/uploads\\\/2021\\\/11\\\/bosh-and-bordon-logo.svg\",\"contentUrl\":\"https:\\\/\\\/metazoa2.opmerkzaam.be\\\/wp-content\\\/uploads\\\/2021\\\/11\\\/bosh-and-bordon-logo.svg\",\"caption\":\"Metazoa\"},\"image\":{\"@id\":\"https:\\\/\\\/metazoa2.opmerkzaam.be\\\/fr\\\/#\\\/schema\\\/logo\\\/image\\\/\"}}]}<\/script>\n<!-- \/ Yoast SEO plugin. -->","yoast_head_json":{"title":"Privacy policy - Metazoa","robots":{"index":"noindex","follow":"follow","max-snippet":"max-snippet:-1","max-image-preview":"max-image-preview:large","max-video-preview":"max-video-preview:-1"},"og_locale":"fr_FR","og_type":"article","og_title":"Privacy policy - Metazoa","og_description":"[vc_row el_class=&#8221;global row-99 privacy grid&#8221;][vc_column][vc_empty_space height=&#8221;70px&#8221;][vc_column_text] Politique de confidentialit\u00e9 [\/vc_column_text][vc_empty_space height=&#8221;70px&#8221;][vc_column_text] 1. Qui sommes-nous ? [\/vc_column_text][vc_empty_space][vc_column_text]&#8221; Nous &#8220;, &#8221; notre &#8221; ou &#8221; nos &#8221; d\u00e9signe , dont le si\u00e8ge social est situ\u00e9 \u00e0 et dont le num\u00e9ro d&#8217;entreprise est . Nous agissons en tant que responsable du traitement des donn\u00e9es personnelles que nous collectons&hellip;&nbsp;Read More &raquo;Privacy policy","og_url":"https:\/\/metazoa2.opmerkzaam.be\/fr\/privacy-policy\/","og_site_name":"Metazoa","article_modified_time":"2025-06-29T15:17:27+00:00","twitter_card":"summary_large_image","twitter_misc":{"Dur\u00e9e de lecture estim\u00e9e":"27 minutes"},"schema":{"@context":"https:\/\/schema.org","@graph":[{"@type":"WebPage","@id":"https:\/\/metazoa2.opmerkzaam.be\/fr\/privacy-policy\/","url":"https:\/\/metazoa2.opmerkzaam.be\/fr\/privacy-policy\/","name":"Privacy policy - Metazoa","isPartOf":{"@id":"https:\/\/metazoa2.opmerkzaam.be\/fr\/#website"},"datePublished":"2022-11-02T15:04:55+00:00","dateModified":"2025-06-29T15:17:27+00:00","breadcrumb":{"@id":"https:\/\/metazoa2.opmerkzaam.be\/fr\/privacy-policy\/#breadcrumb"},"inLanguage":"fr-FR","potentialAction":[{"@type":"ReadAction","target":["https:\/\/metazoa2.opmerkzaam.be\/fr\/privacy-policy\/"]}]},{"@type":"BreadcrumbList","@id":"https:\/\/metazoa2.opmerkzaam.be\/fr\/privacy-policy\/#breadcrumb","itemListElement":[{"@type":"ListItem","position":1,"name":"Home","item":"https:\/\/metazoa2.opmerkzaam.be\/fr\/"},{"@type":"ListItem","position":2,"name":"Privacy policy"}]},{"@type":"WebSite","@id":"https:\/\/metazoa2.opmerkzaam.be\/fr\/#website","url":"https:\/\/metazoa2.opmerkzaam.be\/fr\/","name":"Metazoa","description":"Voor een gezond en stralend paard","publisher":{"@id":"https:\/\/metazoa2.opmerkzaam.be\/fr\/#organization"},"potentialAction":[{"@type":"SearchAction","target":{"@type":"EntryPoint","urlTemplate":"https:\/\/metazoa2.opmerkzaam.be\/fr\/?s={search_term_string}"},"query-input":{"@type":"PropertyValueSpecification","valueRequired":true,"valueName":"search_term_string"}}],"inLanguage":"fr-FR"},{"@type":"Organization","@id":"https:\/\/metazoa2.opmerkzaam.be\/fr\/#organization","name":"Metazoa","url":"https:\/\/metazoa2.opmerkzaam.be\/fr\/","logo":{"@type":"ImageObject","inLanguage":"fr-FR","@id":"https:\/\/metazoa2.opmerkzaam.be\/fr\/#\/schema\/logo\/image\/","url":"https:\/\/metazoa2.opmerkzaam.be\/wp-content\/uploads\/2021\/11\/bosh-and-bordon-logo.svg","contentUrl":"https:\/\/metazoa2.opmerkzaam.be\/wp-content\/uploads\/2021\/11\/bosh-and-bordon-logo.svg","caption":"Metazoa"},"image":{"@id":"https:\/\/metazoa2.opmerkzaam.be\/fr\/#\/schema\/logo\/image\/"}}]}},"rttpg_featured_image_url":null,"rttpg_author":{"display_name":"Plumbus","author_link":"https:\/\/metazoa2.opmerkzaam.be\/fr\/author\/plumbus\/"},"rttpg_comment":0,"rttpg_category":" <a href=\"https:\/\/metazoa2.opmerkzaam.be\/fr\/?taxonomy=translation_priority&#038;term=facultatif\" rel=\"tag\">Facultatif<\/a>","rttpg_excerpt":"[vc_row el_class=&#8221;global row-99 privacy grid&#8221;][vc_column][vc_empty_space height=&#8221;70px&#8221;][vc_column_text] Politique de confidentialit\u00e9 [\/vc_column_text][vc_empty_space height=&#8221;70px&#8221;][vc_column_text] 1. Qui sommes-nous ? [\/vc_column_text][vc_empty_space][vc_column_text]&#8221; Nous &#8220;, &#8221; notre &#8221; ou &#8221; nos &#8221; d\u00e9signe , dont le si\u00e8ge social est situ\u00e9 \u00e0 et dont le num\u00e9ro d&#8217;entreprise est . Nous agissons en tant que responsable du traitement des donn\u00e9es personnelles que nous collectons&hellip;&nbsp;Read\u2026","_links":{"self":[{"href":"https:\/\/metazoa2.opmerkzaam.be\/fr\/wp-json\/wp\/v2\/pages\/2281","targetHints":{"allow":["GET"]}}],"collection":[{"href":"https:\/\/metazoa2.opmerkzaam.be\/fr\/wp-json\/wp\/v2\/pages"}],"about":[{"href":"https:\/\/metazoa2.opmerkzaam.be\/fr\/wp-json\/wp\/v2\/types\/page"}],"author":[{"embeddable":true,"href":"https:\/\/metazoa2.opmerkzaam.be\/fr\/wp-json\/wp\/v2\/users\/1"}],"replies":[{"embeddable":true,"href":"https:\/\/metazoa2.opmerkzaam.be\/fr\/wp-json\/wp\/v2\/comments?post=2281"}],"version-history":[{"count":3,"href":"https:\/\/metazoa2.opmerkzaam.be\/fr\/wp-json\/wp\/v2\/pages\/2281\/revisions"}],"predecessor-version":[{"id":3505,"href":"https:\/\/metazoa2.opmerkzaam.be\/fr\/wp-json\/wp\/v2\/pages\/2281\/revisions\/3505"}],"wp:attachment":[{"href":"https:\/\/metazoa2.opmerkzaam.be\/fr\/wp-json\/wp\/v2\/media?parent=2281"}],"curies":[{"name":"wp","href":"https:\/\/api.w.org\/{rel}","templated":true}]}}